{"id":996,"date":"2025-09-23T23:59:58","date_gmt":"2025-09-23T23:59:58","guid":{"rendered":"https:\/\/xn--framtkamrater-sfb.se\/?page_id=996"},"modified":"2025-09-23T23:59:58","modified_gmt":"2025-09-23T23:59:58","slug":"fest25","status":"publish","type":"page","link":"https:\/\/xn--framtkamrater-sfb.se\/?page_id=996","title":{"rendered":"F\u00f6delsedagsfest!"},"content":{"rendered":"<h2>F\u00f6delsedagsfest!<\/h2>\n<p>Vill du komma p\u00e5 v\u00e5r f\u00f6delsedagsfest? Skriv upp dig p\u00e5 listan!<\/p>\n<form action=\"https:\/\/api.web3forms.com\/submit\" method=\"POST\">\n<p>    <!-- Replace with your Access Key --><br \/>\n    <input type=\"hidden\" name=\"access_key\" value=\"cf416630-2839-41f8-aa64-f3e3af718723\"><\/p>\n<p>    <!-- Form Inputs. Each input must have a name=\"\" attribute --><br \/>\n    <label for=\"name\">Ett namn:<\/label><br \/>\n    <input type=\"text\" name=\"name\" required><br \/>\n    <label for=\"email\">En mejl:<\/label><br \/>\n    <input type=\"email\" name=\"email\" required><\/p>\n<p>    <!-- Honeypot Spam Protection --><br \/>\n    <input type=\"checkbox\" name=\"botcheck\" class=\"hidden\" style=\"display: none;\"><\/p>\n<p>    <!-- Custom Confirmation \/ Success Page --><br \/>\n    <input type=\"hidden\" name=\"redirect\" value=\"https:\/\/xn--framtkamrater-sfb.se\/?page_id=1003\"><br \/>\n    <input type=\"hidden\" name=\"subject\" value=\"festintresse25\"><\/p>\n<p>    <button type=\"submit\">Skicka!<\/button><\/p>\n<\/form>\n","protected":false},"excerpt":{"rendered":"<p>F\u00f6delsedagsfest! Vill du komma p\u00e5 v\u00e5r f\u00f6delsedagsfest? Skriv upp dig p\u00e5 listan! Ett namn: En mejl: Skicka! [&#8230;]<\/p>\n<p><a class=\"btn btn-secondary understrap-read-more-link\" href=\"https:\/\/xn--framtkamrater-sfb.se\/?page_id=996\">Read More&#8230;<span class=\"screen-reader-text\"> from F\u00f6delsedagsfest!<\/span><\/a><\/p>\n","protected":false},"author":1,"featured_media":0,"parent":0,"menu_order":0,"comment_status":"closed","ping_status":"closed","template":"","meta":{"footnotes":""},"class_list":["post-996","page","type-page","status-publish","hentry"],"_links":{"self":[{"href":"https:\/\/xn--framtkamrater-sfb.se\/index.php?rest_route=\/wp\/v2\/pages\/996","targetHints":{"allow":["GET"]}}],"collection":[{"href":"https:\/\/xn--framtkamrater-sfb.se\/index.php?rest_route=\/wp\/v2\/pages"}],"about":[{"href":"https:\/\/xn--framtkamrater-sfb.se\/index.php?rest_route=\/wp\/v2\/types\/page"}],"author":[{"embeddable":true,"href":"https:\/\/xn--framtkamrater-sfb.se\/index.php?rest_route=\/wp\/v2\/users\/1"}],"replies":[{"embeddable":true,"href":"https:\/\/xn--framtkamrater-sfb.se\/index.php?rest_route=%2Fwp%2Fv2%2Fcomments&post=996"}],"version-history":[{"count":9,"href":"https:\/\/xn--framtkamrater-sfb.se\/index.php?rest_route=\/wp\/v2\/pages\/996\/revisions"}],"predecessor-version":[{"id":1009,"href":"https:\/\/xn--framtkamrater-sfb.se\/index.php?rest_route=\/wp\/v2\/pages\/996\/revisions\/1009"}],"wp:attachment":[{"href":"https:\/\/xn--framtkamrater-sfb.se\/index.php?rest_route=%2Fwp%2Fv2%2Fmedia&parent=996"}],"curies":[{"name":"wp","href":"https:\/\/api.w.org\/{rel}","templated":true}]}}